{"id":40,"date":"2025-09-10T09:19:17","date_gmt":"2025-09-10T09:19:17","guid":{"rendered":"https:\/\/diraya.ch\/?page_id=40"},"modified":"2025-11-17T15:02:30","modified_gmt":"2025-11-17T15:02:30","slug":"wofuer-steht-diraya","status":"publish","type":"page","link":"https:\/\/diraya.ch\/en\/wofuer-steht-diraya\/","title":{"rendered":"Wof\u00fcr steht Diraya"},"content":{"rendered":"<nav class=\"has-medium-font-size is-responsive items-justified-center wp-block-navigation is-content-justification-center is-layout-flex wp-container-core-navigation-is-layout-16018d1d wp-block-navigation-is-layout-flex\" aria-label=\"navigation\" \n\t\t data-wp-interactive=\"core\/navigation\" data-wp-context='{\"overlayOpenedBy\":{\"click\":false,\"hover\":false,\"focus\":false},\"type\":\"overlay\",\"roleAttribute\":\"\",\"ariaLabel\":\"Menu\"}'><button aria-haspopup=\"dialog\" aria-label=\"Open menu\" class=\"wp-block-navigation__responsive-container-open\" \n\t\t\t\tdata-wp-on--click=\"actions.openMenuOnClick\"\n\t\t\t\tdata-wp-on--keydown=\"actions.handleMenuKeydown\"\n\t\t\t><svg width=\"24\" height=\"24\" xmlns=\"http:\/\/www.w3.org\/2000\/svg\" viewbox=\"0 0 24 24\" aria-hidden=\"true\" focusable=\"false\"><path d=\"M4 7.5h16v1.5H4z\"><\/path><path d=\"M4 15h16v1.5H4z\"><\/path><\/svg><\/button>\n\t\t\t\t<div class=\"wp-block-navigation__responsive-container\"  id=\"modal-1\" \n\t\t\t\tdata-wp-class--has-modal-open=\"state.isMenuOpen\"\n\t\t\t\tdata-wp-class--is-menu-open=\"state.isMenuOpen\"\n\t\t\t\tdata-wp-watch=\"callbacks.initMenu\"\n\t\t\t\tdata-wp-on--keydown=\"actions.handleMenuKeydown\"\n\t\t\t\tdata-wp-on--focusout=\"actions.handleMenuFocusout\"\n\t\t\t\ttabindex=\"-1\"\n\t\t\t>\n\t\t\t\t\t<div class=\"wp-block-navigation__responsive-close\" tabindex=\"-1\">\n\t\t\t\t\t\t<div class=\"wp-block-navigation__responsive-dialog\" \n\t\t\t\tdata-wp-bind--aria-modal=\"state.ariaModal\"\n\t\t\t\tdata-wp-bind--aria-label=\"state.ariaLabel\"\n\t\t\t\tdata-wp-bind--role=\"state.roleAttribute\"\n\t\t\t>\n\t\t\t\t\t\t\t<button aria-label=\"Close menu\" class=\"wp-block-navigation__responsive-container-close\" \n\t\t\t\tdata-wp-on--click=\"actions.closeMenuOnClick\"\n\t\t\t><svg xmlns=\"http:\/\/www.w3.org\/2000\/svg\" viewbox=\"0 0 24 24\" width=\"24\" height=\"24\" aria-hidden=\"true\" focusable=\"false\"><path d=\"m13.06 12 6.47-6.47-1.06-1.06L12 10.94 5.53 4.47 4.47 5.53 10.94 12l-6.47 6.47 1.06 1.06L12 13.06l6.47 6.47 1.06-1.06L13.06 12Z\"><\/path><\/svg><\/button>\n\t\t\t\t\t\t\t<div class=\"wp-block-navigation__responsive-container-content\" \n\t\t\t\tdata-wp-watch=\"callbacks.focusFirstElement\"\n\t\t\t id=\"modal-1-content\">\n\t\t\t\t\t\t\t\t<ul class=\"wp-block-navigation__container has-medium-font-size is-responsive items-justified-center wp-block-navigation has-medium-font-size\"><li class=\"has-medium-font-size wp-block-navigation-item wp-block-navigation-link has-medium-font-size\"><a class=\"wp-block-navigation-item__content\"  href=\"https:\/\/diraya.ch\/en\/?page_id=19\"><span class=\"wp-block-navigation-item__label\">Who we are<\/span><\/a><\/li><li class=\"has-medium-font-size wp-block-navigation-item wp-block-navigation-link has-medium-font-size\"><a class=\"wp-block-navigation-item__content\"  href=\"https:\/\/diraya.ch\/en\/?page_id=9\"><span class=\"wp-block-navigation-item__label\">What we offer<\/span><\/a><\/li><li class=\"has-medium-font-size wp-block-navigation-item wp-block-navigation-link has-medium-font-size\"><a class=\"wp-block-navigation-item__content\"  href=\"https:\/\/diraya.ch\/en\/?page_id=40\"><span class=\"wp-block-navigation-item__label\">What we stand for<\/span><\/a><\/li><li class=\"has-medium-font-size wp-block-navigation-item wp-block-navigation-link has-medium-font-size\"><a class=\"wp-block-navigation-item__content\"  href=\"https:\/\/diraya.ch\/en\/?page_id=14\"><span class=\"wp-block-navigation-item__label\">Get in touch with us<\/span><\/a><\/li><\/ul>\n\t\t\t\t\t\t\t<\/div>\n\t\t\t\t\t\t<\/div>\n\t\t\t\t\t<\/div>\n\t\t\t\t<\/div><\/nav>\n\n\n<div style=\"height:100px\" aria-hidden=\"true\" class=\"wp-block-spacer\"><\/div>\n\n\n\n<div class=\"wp-block-group alignwide has-base-background-color has-background\"><div class=\"wp-block-group__inner-container is-layout-flow wp-block-group-is-layout-flow\">\n<div style=\"height:70px\" aria-hidden=\"true\" class=\"wp-block-spacer\"><\/div>\n\n\n\n<div class=\"wp-block-columns alignwide is-layout-flex wp-container-core-columns-is-layout-9d6595d7 wp-block-columns-is-layout-flex\">\n<div class=\"wp-block-column is-vertically-aligned-center is-layout-flow wp-block-column-is-layout-flow\" style=\"flex-basis:50%\">\n<p class=\"has-text-align-center has-text-color\" style=\"color:#000000;font-size:30px;line-height:1.1\"><strong>Diraya Intelligence<\/strong>. Transparent. Honest. Traceable.<\/p>\n\n\n<div class=\"wp-block-image wp-duotone-unset-2\">\n<figure class=\"alignright size-large\"><img loading=\"lazy\" decoding=\"async\" width=\"1024\" height=\"574\" src=\"https:\/\/diraya.ch\/wp-content\/uploads\/2025\/10\/u8359676518_black_and_white_photo_of_a_compass_on_a_clean_sur_b854307a-2ee1-4ac0-8580-fec2c3b9448b_1-1024x574.png\" alt=\"\" class=\"wp-image-1144\" srcset=\"\" sizes=\"auto, (max-width: 1024px) 100vw, 1024px\" data-srcset=\"\" \/><\/figure>\n<\/div><\/div>\n\n\n\n<div class=\"wp-block-column is-layout-flow wp-block-column-is-layout-flow\" style=\"flex-basis:50%\">\n<hr class=\"wp-block-separator has-text-color has-css-opacity has-background is-style-wide\" style=\"background-color:#000000;color:#000000\"\/>\n\n\n\n<div class=\"wp-block-columns is-layout-flex wp-container-core-columns-is-layout-9d6595d7 wp-block-columns-is-layout-flex\">\n<div class=\"wp-block-column is-layout-flow wp-block-column-is-layout-flow\" style=\"flex-basis:100%\">\n<div class=\"wp-block-group\"><div class=\"wp-block-group__inner-container is-layout-constrained wp-block-group-is-layout-constrained\">\n<p class=\"has-text-color\" style=\"color:#000000;font-size:18px\">Our business activities are based on <strong>Respect for human dignity<\/strong> and fair working practices. We are committed to <strong>transparent business practices<\/strong>, open communication with all stakeholders. In doing so, we comply with applicable law and <strong>fight corruption<\/strong> as well as any form of economic crime.<\/p>\n\n\n\n<p class=\"has-text-color\" style=\"color:#000000;font-size:18px\">Reason guides our decisions <strong>data-based analysis<\/strong>, scientific findings and sustainable thinking. We take responsibility for the <strong>conscientious handling <\/strong>with personal data and personal rights. We operate in the spirit of enlightenment and according to liberal, <strong>principles of the rule of law<\/strong>.<\/p>\n\n\n\n<p><strong>Excellence shapes our professional conduct<\/strong> through the highest quality standards, methodological precision and continuous training. We rely on sound expertise, interdisciplinary cooperation and innovation in our analysis methods. In doing so, we combine <strong>proven methods with future-oriented technologies<\/strong>to provide our clients with reliable, accurate and actionable insights.<\/p>\n\n\n\n<p><strong>Trust forms the basis of our work<\/strong> and commits us to absolute confidentiality, discretion and integrity. We maintain strict independence in our analyses and do not allow ourselves to be influenced by external factors. <strong>neither by external interests nor by political influences<\/strong> guide our judgement. Every assignment is treated with the same care, objectivity and professionalism \u2013 in recognition of the responsibility that intelligence work bears for individuals, organisations and society.<\/p>\n<\/div><\/div>\n<\/div>\n<\/div>\n<\/div>\n<\/div>\n<\/div><\/div>\n\n\n\n<div style=\"height:100px\" aria-hidden=\"true\" class=\"wp-block-spacer\"><\/div>\n\n\n\n<div class=\"wp-block-media-text is-stacked-on-mobile is-vertically-aligned-center has-contrast-3-background-color has-background\" style=\"grid-template-columns:30% auto\"><figure class=\"wp-block-media-text__media\"><img loading=\"lazy\" decoding=\"async\" width=\"1024\" height=\"1024\" src=\"https:\/\/diraya.ch\/wp-content\/uploads\/2025\/09\/diraya-arab.png\" class=\"wp-image-742 size-full\" alt=\"Intelligenz-Logo von Diraya, innovative IT-L\u00f6sungen f\u00fcr Gesundheitswesen.\" srcset=\"https:\/\/diraya.ch\/wp-content\/uploads\/2025\/09\/diraya-arab.png 1024w, https:\/\/diraya.ch\/wp-content\/uploads\/2025\/09\/diraya-arab-300x300.png 300w, https:\/\/diraya.ch\/wp-content\/uploads\/2025\/09\/diraya-arab-150x150.png 150w, https:\/\/diraya.ch\/wp-content\/uploads\/2025\/09\/diraya-arab-768x768.png 768w\" sizes=\"auto, (max-width: 1024px) 100vw, 1024px\" \/> <\/figure><div class=\"wp-block-media-text__content\">\n<div class=\"wp-block-group\" style=\"padding-top:2em;padding-right:2em;padding-bottom:2em;padding-left:2em\"><div class=\"wp-block-group__inner-container is-layout-flow wp-block-group-is-layout-flow\">\n<p class=\"has-medium-font-size\" style=\"line-height:1.2\"><strong>What does dir\u0101ya mean?<\/strong><\/p>\n\n\n\n<p class=\"has-small-font-size\">The term originates from Arabic, meaning <strong>know-how<\/strong>, <strong>conscience<\/strong> and a deeper understanding of <strong>complex issues<\/strong> to express. Dir\u0101ya differs from purely theoretical knowledge in that it <strong>experience-based<\/strong> and stands for explicit expertise in certain specific areas.<\/p>\n<\/div><\/div>\n<\/div><\/div>\n\n\n\n<div style=\"height:100px\" aria-hidden=\"true\" class=\"wp-block-spacer\"><\/div>","protected":false},"excerpt":{"rendered":"<p>Diraya Intelligence. Transparent. Integer. Nachvollziehbar. Unser Wirtschaften gr\u00fcndet sich auf Respekt vor der Menschenw\u00fcrde und fairen Arbeitspraktiken. Wir verpflichten uns zu transparenten Gesch\u00e4ftsmethoden, offener Kommunikation mit allenStakeholdern. Dabei halten wir geltendes Recht ein und bek\u00e4mpfen Korruption sowie jedwede Form von Wirtschaftskriminalit\u00e4t. Vernunft leitet unsere Entscheidungen durch datenbasierte Analysen, wissenschaftliche Erkenntnisse und nachhaltiges Denken. Verantwortung \u00fcbernehmen &#8230; <a title=\"Wof\u00fcr steht Diraya\" class=\"read-more\" href=\"https:\/\/diraya.ch\/en\/wofuer-steht-diraya\/\" aria-label=\"Read more about Wof\u00fcr steht Diraya\">Read more<\/a><\/p>","protected":false},"author":1,"featured_media":0,"parent":0,"menu_order":0,"comment_status":"closed","ping_status":"closed","template":"","meta":{"slim_seo":{"title":"Wof\u00fcr steht Diraya - Diraya Intelligence GmbH","description":"Diraya Intelligence . Transparent. Integer. Nachvollziehbar. Unser Wirtschaften gr\u00fcndet sich auf Respekt vor der Menschenw\u00fcrde und fairen Arbeitspraktiken. Wir"},"footnotes":""},"class_list":["post-40","page","type-page","status-publish"],"_links":{"self":[{"href":"https:\/\/diraya.ch\/en\/wp-json\/wp\/v2\/pages\/40","targetHints":{"allow":["GET"]}}],"collection":[{"href":"https:\/\/diraya.ch\/en\/wp-json\/wp\/v2\/pages"}],"about":[{"href":"https:\/\/diraya.ch\/en\/wp-json\/wp\/v2\/types\/page"}],"author":[{"embeddable":true,"href":"https:\/\/diraya.ch\/en\/wp-json\/wp\/v2\/users\/1"}],"replies":[{"embeddable":true,"href":"https:\/\/diraya.ch\/en\/wp-json\/wp\/v2\/comments?post=40"}],"version-history":[{"count":41,"href":"https:\/\/diraya.ch\/en\/wp-json\/wp\/v2\/pages\/40\/revisions"}],"predecessor-version":[{"id":1240,"href":"https:\/\/diraya.ch\/en\/wp-json\/wp\/v2\/pages\/40\/revisions\/1240"}],"wp:attachment":[{"href":"https:\/\/diraya.ch\/en\/wp-json\/wp\/v2\/media?parent=40"}],"curies":[{"name":"wp","href":"https:\/\/api.w.org\/{rel}","templated":true}]}}