{"id":402,"date":"2025-09-15T12:59:16","date_gmt":"2025-09-15T12:59:16","guid":{"rendered":"https:\/\/diraya.ch\/?page_id=402"},"modified":"2026-03-12T08:17:55","modified_gmt":"2026-03-12T08:17:55","slug":"sven-millischer","status":"publish","type":"page","link":"https:\/\/diraya.ch\/en\/sven-millischer\/","title":{"rendered":"Sven Millischer"},"content":{"rendered":"<nav class=\"has-medium-font-size is-responsive items-justified-center wp-block-navigation is-content-justification-center is-layout-flex wp-container-core-navigation-is-layout-16018d1d wp-block-navigation-is-layout-flex\" aria-label=\"navigation\" \n\t\t data-wp-interactive=\"core\/navigation\" data-wp-context='{\"overlayOpenedBy\":{\"click\":false,\"hover\":false,\"focus\":false},\"type\":\"overlay\",\"roleAttribute\":\"\",\"ariaLabel\":\"Menu\"}'><button aria-haspopup=\"dialog\" aria-label=\"Open menu\" class=\"wp-block-navigation__responsive-container-open\" \n\t\t\t\tdata-wp-on--click=\"actions.openMenuOnClick\"\n\t\t\t\tdata-wp-on--keydown=\"actions.handleMenuKeydown\"\n\t\t\t><svg width=\"24\" height=\"24\" xmlns=\"http:\/\/www.w3.org\/2000\/svg\" viewbox=\"0 0 24 24\" aria-hidden=\"true\" focusable=\"false\"><path d=\"M4 7.5h16v1.5H4z\"><\/path><path d=\"M4 15h16v1.5H4z\"><\/path><\/svg><\/button>\n\t\t\t\t<div class=\"wp-block-navigation__responsive-container\"  id=\"modal-1\" \n\t\t\t\tdata-wp-class--has-modal-open=\"state.isMenuOpen\"\n\t\t\t\tdata-wp-class--is-menu-open=\"state.isMenuOpen\"\n\t\t\t\tdata-wp-watch=\"callbacks.initMenu\"\n\t\t\t\tdata-wp-on--keydown=\"actions.handleMenuKeydown\"\n\t\t\t\tdata-wp-on--focusout=\"actions.handleMenuFocusout\"\n\t\t\t\ttabindex=\"-1\"\n\t\t\t>\n\t\t\t\t\t<div class=\"wp-block-navigation__responsive-close\" tabindex=\"-1\">\n\t\t\t\t\t\t<div class=\"wp-block-navigation__responsive-dialog\" \n\t\t\t\tdata-wp-bind--aria-modal=\"state.ariaModal\"\n\t\t\t\tdata-wp-bind--aria-label=\"state.ariaLabel\"\n\t\t\t\tdata-wp-bind--role=\"state.roleAttribute\"\n\t\t\t>\n\t\t\t\t\t\t\t<button aria-label=\"Close menu\" class=\"wp-block-navigation__responsive-container-close\" \n\t\t\t\tdata-wp-on--click=\"actions.closeMenuOnClick\"\n\t\t\t><svg xmlns=\"http:\/\/www.w3.org\/2000\/svg\" viewbox=\"0 0 24 24\" width=\"24\" height=\"24\" aria-hidden=\"true\" focusable=\"false\"><path d=\"m13.06 12 6.47-6.47-1.06-1.06L12 10.94 5.53 4.47 4.47 5.53 10.94 12l-6.47 6.47 1.06 1.06L12 13.06l6.47 6.47 1.06-1.06L13.06 12Z\"><\/path><\/svg><\/button>\n\t\t\t\t\t\t\t<div class=\"wp-block-navigation__responsive-container-content\" \n\t\t\t\tdata-wp-watch=\"callbacks.focusFirstElement\"\n\t\t\t id=\"modal-1-content\">\n\t\t\t\t\t\t\t\t<ul class=\"wp-block-navigation__container has-medium-font-size is-responsive items-justified-center wp-block-navigation has-medium-font-size\"><li class=\"has-medium-font-size wp-block-navigation-item wp-block-navigation-link has-medium-font-size\"><a class=\"wp-block-navigation-item__content\"  href=\"https:\/\/diraya.ch\/en\/?page_id=19\"><span class=\"wp-block-navigation-item__label\">Who we are<\/span><\/a><\/li><li class=\"has-medium-font-size wp-block-navigation-item wp-block-navigation-link has-medium-font-size\"><a class=\"wp-block-navigation-item__content\"  href=\"https:\/\/diraya.ch\/en\/?page_id=9\"><span class=\"wp-block-navigation-item__label\">What we offer<\/span><\/a><\/li><li class=\"has-medium-font-size wp-block-navigation-item wp-block-navigation-link has-medium-font-size\"><a class=\"wp-block-navigation-item__content\"  href=\"https:\/\/diraya.ch\/en\/?page_id=40\"><span class=\"wp-block-navigation-item__label\">What we stand for<\/span><\/a><\/li><li class=\"has-medium-font-size wp-block-navigation-item wp-block-navigation-link has-medium-font-size\"><a class=\"wp-block-navigation-item__content\"  href=\"https:\/\/diraya.ch\/en\/?page_id=14\"><span class=\"wp-block-navigation-item__label\">Get in touch with us<\/span><\/a><\/li><\/ul>\n\t\t\t\t\t\t\t<\/div>\n\t\t\t\t\t\t<\/div>\n\t\t\t\t\t<\/div>\n\t\t\t\t<\/div><\/nav>\n\n\n<h2 class=\"wp-block-heading\"><strong>Sven Millischer<\/strong><\/h2>\n\n\n\n<p>Former managing director and co-founder<\/p>\n\n\n\n<div class=\"wp-block-media-text is-stacked-on-mobile is-image-fill-element\" style=\"grid-template-columns:30% auto\"><figure class=\"wp-block-media-text__media\"><img loading=\"lazy\" decoding=\"async\" width=\"1024\" height=\"1024\" src=\"https:\/\/diraya.ch\/wp-content\/uploads\/2025\/09\/sven-millischer.jpeg\" alt=\"\" class=\"wp-image-224 size-full\" style=\"object-position:50% 45%\" srcset=\"https:\/\/diraya.ch\/wp-content\/uploads\/2025\/09\/sven-millischer.jpeg 1024w, https:\/\/diraya.ch\/wp-content\/uploads\/2025\/09\/sven-millischer-300x300.jpeg 300w, https:\/\/diraya.ch\/wp-content\/uploads\/2025\/09\/sven-millischer-150x150.jpeg 150w, https:\/\/diraya.ch\/wp-content\/uploads\/2025\/09\/sven-millischer-768x768.jpeg 768w\" sizes=\"auto, (max-width: 1024px) 100vw, 1024px\" \/><\/figure><div class=\"wp-block-media-text__content\">\n<figure class=\"wp-block-pullquote has-base-2-background-color has-background has-small-font-size\"><blockquote><p>Sven Millischer is considered one of the <strong>leading specialists in Switzerland for open-source intelligence<\/strong> (OSINT) and the application of artificial intelligence (AI) in the fight against economic crime. With more than twenty years of experience, he combines traditional research methods with modern AI technologies to <strong>complex economic crimes<\/strong> to uncover and prevent.<\/p><\/blockquote><\/figure>\n<\/div><\/div>\n\n\n\n<div style=\"height:100px\" aria-hidden=\"true\" class=\"wp-block-spacer\"><\/div>\n\n\n\n<details class=\"wp-block-details is-layout-flow wp-block-details-is-layout-flow\" open><summary><strong>Professional career<\/strong><\/summary>\n<pre class=\"wp-block-verse has-small-font-size\">Millischer worked as <strong>Partner Information Services<\/strong> with <strong>Forentec<\/strong>where he conducted OSINT analyses and led AML\/KYC checks. Previously, he was <strong>Head of the OSINT team<\/strong> with <strong>AC Assets Control<\/strong> (2021\u20132024), where he developed approaches to risk assessment and network analysis. Between 2012 and 2021, he was a member of the <strong>Editor-in-chief of Handelszeitung<\/strong> He led a team of five, introduced special editions on the digitisation of the economy and moderated economic conferences. From 2009 to 2012, he was <strong>Deputy Head of the Business News Department<\/strong> at the Aargauer Zeitung \/ CH Media.<\/pre>\n<\/details>\n\n\n\n<details class=\"wp-block-details is-layout-flow wp-block-details-is-layout-flow\" open><summary><strong>Teaching and knowledge transfer<\/strong><\/summary>\n<pre class=\"wp-block-verse has-small-font-size\">As a lecturer at, among others, the <strong>University of Applied Sciences and Arts Northwestern Switzerland<\/strong> (FHNW), Millischer teaches the interface between AI technologies and investigative methods. He is considered a pioneer in AI-supported information gathering and offers seminars on <strong>OSINT investigations<\/strong> and data collection from public sources.<\/pre>\n<\/details>\n\n\n\n<details class=\"wp-block-details is-layout-flow wp-block-details-is-layout-flow\" open><summary><strong>Education and qualifications<\/strong><\/summary>\n<pre class=\"wp-block-verse has-small-font-size\"><strong>University of Basel<\/strong>: Master of Arts in German Studies, Media and Communication Studies, and Philosophy (2001\u20132007).<\/pre>\n\n\n\n<pre class=\"wp-block-verse has-small-font-size\"><strong>ZHAW School of Management and Law<\/strong>Master of Advanced Studies in Business Administration (2010\u20132012) with a thesis on paid content models.<\/pre>\n\n\n\n<pre class=\"wp-block-verse has-small-font-size\"><strong>Wharton Business School<\/strong> (USA): Participation in the Seminars for Business Journalists (2013).<\/pre>\n\n\n\n<pre class=\"wp-block-verse has-small-font-size\"><strong>University of St. Gallen<\/strong>: CAS in Communication and Management (2016\u20132017).<\/pre>\n\n\n\n<pre class=\"wp-block-verse has-small-font-size\"><strong>ACFE<\/strong>: Certified Fraud Examiner (<strong>CFE<\/strong>) since 2021.<\/pre>\n\n\n\n<pre class=\"wp-block-verse has-small-font-size\">In addition, he has certificates and training in areas including <strong>Cybercrime-Investigations<\/strong>, crypto AML and forensic accounting<\/pre>\n<\/details>\n\n\n\n<details class=\"wp-block-details is-layout-flow wp-block-details-is-layout-flow\" open><summary><strong>Media and journalism<\/strong><\/summary>\n<pre class=\"wp-block-verse has-small-font-size\">Millischer brings many years of experience from the <strong>investigative business journalism<\/strong> He worked for <strong>SRF<\/strong>, <strong>Ringier<\/strong> and <strong>CH Media<\/strong> and was a member of the editorial board of <strong>Handelszeitung<\/strong>. Dort nutzte Millischer bereits fr\u00fch OSINT, um den Recherche-Journalismus voranzutreiben.<\/pre>\n<\/details>\n\n\n\n<details class=\"wp-block-details is-layout-flow wp-block-details-is-layout-flow\" open><summary><strong>Competencies and impact<\/strong><\/summary>\n<pre class=\"wp-block-verse has-small-font-size\">Thanks to his wide range of expertise \u2013 from OSINT to combating economic crime and deep-dive research \u2013 Sven Millischer is a <strong>sought-after expert in AI-assisted investigations<\/strong> in German-speaking countries. His professional career shows how he combines investigative journalism, academic research and practice-oriented intelligence work to set new standards in business intelligence.<\/pre>\n<\/details>","protected":false},"excerpt":{"rendered":"<p>Sven Millischer Fr\u00fcherer Gesch\u00e4ftsf\u00fchrer und Co-Gr\u00fcnder Sven Millischer gilt als einer der f\u00fchrenden Spezialisten in der Schweiz f\u00fcr Open\u2011Source\u2011Intelligence (OSINT) und die Anwendung von k\u00fcnstlicher Intelligenz (KI) in der Bek\u00e4mpfung von Wirtschaftskriminalit\u00e4t. Mit mehr als zwanzig Jahren Erfahrung verbindet er klassische Recherchemethoden mit modernen KI\u2011Technologien, um komplexe Wirtschaftsdelikte aufzudecken und zu verhindern.<\/p>","protected":false},"author":1,"featured_media":0,"parent":0,"menu_order":0,"comment_status":"closed","ping_status":"closed","template":"","meta":{"slim_seo":{"title":"Sven Millischer - Diraya Intelligence GmbH","description":"Sven Millischer Fr\u00fcherer Gesch\u00e4ftsf\u00fchrer und Co-Gr\u00fcnder Berufliche Laufbahn Lehrt\u00e4tigkeit und Wissenstransfer Ausbildung und Qualifikationen Medien und Journali"},"footnotes":""},"class_list":["post-402","page","type-page","status-publish"],"_links":{"self":[{"href":"https:\/\/diraya.ch\/en\/wp-json\/wp\/v2\/pages\/402","targetHints":{"allow":["GET"]}}],"collection":[{"href":"https:\/\/diraya.ch\/en\/wp-json\/wp\/v2\/pages"}],"about":[{"href":"https:\/\/diraya.ch\/en\/wp-json\/wp\/v2\/types\/page"}],"author":[{"embeddable":true,"href":"https:\/\/diraya.ch\/en\/wp-json\/wp\/v2\/users\/1"}],"replies":[{"embeddable":true,"href":"https:\/\/diraya.ch\/en\/wp-json\/wp\/v2\/comments?post=402"}],"version-history":[{"count":36,"href":"https:\/\/diraya.ch\/en\/wp-json\/wp\/v2\/pages\/402\/revisions"}],"predecessor-version":[{"id":1313,"href":"https:\/\/diraya.ch\/en\/wp-json\/wp\/v2\/pages\/402\/revisions\/1313"}],"wp:attachment":[{"href":"https:\/\/diraya.ch\/en\/wp-json\/wp\/v2\/media?parent=402"}],"curies":[{"name":"wp","href":"https:\/\/api.w.org\/{rel}","templated":true}]}}