{"id":51,"date":"2025-09-10T09:19:19","date_gmt":"2025-09-10T09:19:19","guid":{"rendered":"https:\/\/diraya.ch\/?page_id=51"},"modified":"2025-11-23T16:15:59","modified_gmt":"2025-11-23T16:15:59","slug":"home","status":"publish","type":"page","link":"https:\/\/diraya.ch\/en\/","title":{"rendered":"Home"},"content":{"rendered":"<nav class=\"is-responsive items-justified-center wp-block-navigation is-content-justification-center is-layout-flex wp-container-core-navigation-is-layout-16018d1d wp-block-navigation-is-layout-flex\" aria-label=\"Navigation\" \n\t\t data-wp-interactive=\"core\/navigation\" data-wp-context='{\"overlayOpenedBy\":{\"click\":false,\"hover\":false,\"focus\":false},\"type\":\"overlay\",\"roleAttribute\":\"\",\"ariaLabel\":\"Menu\"}'><button aria-haspopup=\"dialog\" aria-label=\"Open menu\" class=\"wp-block-navigation__responsive-container-open\" \n\t\t\t\tdata-wp-on--click=\"actions.openMenuOnClick\"\n\t\t\t\tdata-wp-on--keydown=\"actions.handleMenuKeydown\"\n\t\t\t><svg width=\"24\" height=\"24\" xmlns=\"http:\/\/www.w3.org\/2000\/svg\" viewBox=\"0 0 24 24\" aria-hidden=\"true\" focusable=\"false\"><path d=\"M4 7.5h16v1.5H4z\"><\/path><path d=\"M4 15h16v1.5H4z\"><\/path><\/svg><\/button>\n\t\t\t\t<div class=\"wp-block-navigation__responsive-container\"  id=\"modal-1\" \n\t\t\t\tdata-wp-class--has-modal-open=\"state.isMenuOpen\"\n\t\t\t\tdata-wp-class--is-menu-open=\"state.isMenuOpen\"\n\t\t\t\tdata-wp-watch=\"callbacks.initMenu\"\n\t\t\t\tdata-wp-on--keydown=\"actions.handleMenuKeydown\"\n\t\t\t\tdata-wp-on--focusout=\"actions.handleMenuFocusout\"\n\t\t\t\ttabindex=\"-1\"\n\t\t\t>\n\t\t\t\t\t<div class=\"wp-block-navigation__responsive-close\" tabindex=\"-1\">\n\t\t\t\t\t\t<div class=\"wp-block-navigation__responsive-dialog\" \n\t\t\t\tdata-wp-bind--aria-modal=\"state.ariaModal\"\n\t\t\t\tdata-wp-bind--aria-label=\"state.ariaLabel\"\n\t\t\t\tdata-wp-bind--role=\"state.roleAttribute\"\n\t\t\t>\n\t\t\t\t\t\t\t<button aria-label=\"Close menu\" class=\"wp-block-navigation__responsive-container-close\" \n\t\t\t\tdata-wp-on--click=\"actions.closeMenuOnClick\"\n\t\t\t><svg xmlns=\"http:\/\/www.w3.org\/2000\/svg\" viewBox=\"0 0 24 24\" width=\"24\" height=\"24\" aria-hidden=\"true\" focusable=\"false\"><path d=\"m13.06 12 6.47-6.47-1.06-1.06L12 10.94 5.53 4.47 4.47 5.53 10.94 12l-6.47 6.47 1.06 1.06L12 13.06l6.47 6.47 1.06-1.06L13.06 12Z\"><\/path><\/svg><\/button>\n\t\t\t\t\t\t\t<div class=\"wp-block-navigation__responsive-container-content\" \n\t\t\t\tdata-wp-watch=\"callbacks.focusFirstElement\"\n\t\t\t id=\"modal-1-content\">\n\t\t\t\t\t\t\t\t<ul class=\"wp-block-navigation__container is-responsive items-justified-center wp-block-navigation\"><li class=\" wp-block-navigation-item wp-block-navigation-link has-medium-font-size\"><a class=\"wp-block-navigation-item__content\"  href=\"https:\/\/diraya.ch\/?page_id=19\"><span class=\"wp-block-navigation-item__label\">Wer wir sind.<\/span><\/a><\/li><li class=\" wp-block-navigation-item wp-block-navigation-link has-medium-font-size\"><a class=\"wp-block-navigation-item__content\"  href=\"https:\/\/diraya.ch\/?page_id=9\"><span class=\"wp-block-navigation-item__label\">Was wir anbieten.<\/span><\/a><\/li><li class=\" wp-block-navigation-item wp-block-navigation-link has-medium-font-size\"><a class=\"wp-block-navigation-item__content\"  href=\"https:\/\/diraya.ch\/?page_id=40\"><span class=\"wp-block-navigation-item__label\">Wof\u00fcr wir stehen.<\/span><\/a><\/li><li class=\" wp-block-navigation-item wp-block-navigation-link has-medium-font-size\"><a class=\"wp-block-navigation-item__content\"  href=\"https:\/\/diraya.ch\/?page_id=14\"><span class=\"wp-block-navigation-item__label\">Kontaktieren Sie uns.<\/span><\/a><\/li><\/ul>\n\t\t\t\t\t\t\t<\/div>\n\t\t\t\t\t\t<\/div>\n\t\t\t\t\t<\/div>\n\t\t\t\t<\/div><\/nav>\n\n\n<div style=\"height:100px\" aria-hidden=\"true\" class=\"wp-block-spacer\"><\/div>\n\n\n\n<div class=\"wp-block-columns is-layout-flex wp-container-core-columns-is-layout-9d6595d7 wp-block-columns-is-layout-flex\">\n<div class=\"wp-block-column is-vertically-aligned-center is-layout-flow wp-block-column-is-layout-flow\">\n<figure class=\"wp-block-video\"><video height=\"624\" style=\"aspect-ratio: 624 \/ 624;\" width=\"624\" autoplay loop muted poster=\"https:\/\/diraya.ch\/wp-content\/uploads\/2025\/09\/u8359676518_Ultra-realistic_full-body_owl_Eurasian_eagle-owl__40569aa4-97ee-4251-bade-f1b52b012f2d_3.png\" preload=\"auto\" src=\"https:\/\/diraya.ch\/wp-content\/uploads\/2025\/09\/u8359676518_Ultra-realistic_full-body_owl_Eurasian_eagle-owl__8820c1f5-2b78-48c3-8abd-4a2eefd89ad8_2.mp4\" playsinline><\/video><\/figure>\n<\/div>\n\n\n\n<div class=\"wp-block-column is-vertically-aligned-center is-layout-flow wp-block-column-is-layout-flow\">\n\t\t\t<span id=\"typedjs31\" class=\"animated-typed-js-shortcode iaas-typed\"><\/span>\n\t\t\t<script>\n\t\t\tvar typedjs31 = new Typed('#typedjs31', {\n\t\t\t\tstrings: [\"\\nInformation As A Service\\n\"],\n\t\t\t\ttypeSpeed: 60,\n\t\t\t\tbackSpeed: 50,\n\t\t\t\tbackDelay: 500,\n\t\t\t\tstartDelay: 500,\n\t\t\t\tloop: false,\n\t\t\t\tloopCount: 0,\n\t\t\t\tfadeOut: true,\n\t\t\t\tfadeOutDelay: 700,\n\t\t\t\tsmartBackspace: true,\n\t\t\t\tshuffle: false,\n\t\t\t\tshowCursor: true,\n\t\t\t\tcursorChar: \"|\"\n\t\t\t});\n\t\t\t<\/script>\n\n\t\t\n<\/div>\n<\/div>\n\n\n\n<h1 class=\"wp-block-heading has-text-align-left has-large-font-size\"><strong>Due-Diligence-Recherchen f\u00fcr Kanzleien, Private Clients und Corporates<\/strong><\/h1>\n\n\n\n<hr class=\"wp-block-separator has-alpha-channel-opacity\"\/>\n\n\n\n<div class=\"wp-block-columns is-layout-flex wp-container-core-columns-is-layout-9d6595d7 wp-block-columns-is-layout-flex\">\n<div class=\"wp-block-column is-layout-flow wp-block-column-is-layout-flow\">\n<h3 class=\"wp-block-heading has-text-align-left\">Vertiefte Abkl\u00e4rungen<\/h3>\n\n\n\n<p class=\"has-text-align-left\"><br>Wir liefern Ihnen fortlaufend pr\u00e4zise, faktenbasierte Informationsanalysen im Einzelauftrag oder als Abonnement \u2013 <strong>verst\u00e4ndlich aufbereitet und direkt entscheidungsrelevant<\/strong>. Daf\u00fcr verbinden wir die systematische Auswertung \u00f6ffentlich zug\u00e4nglicher Quellen und lizenzierter Profi-Datenbanken (OSINT) mit verl\u00e4sslichen Einblicken aus strukturierten Interviews und Gespr\u00e4chen mit ausgew\u00e4hlten Expert:Innen (HUMINT).<\/p>\n\n\n\n<p class=\"has-text-align-left\"><strong>K\u00fcnstliche Intelligenz<\/strong> unterst\u00fctzt uns dabei: Wir nutzen KI-gest\u00fctzte Sprachverarbeitung, um grosse Mengen unstrukturierter Texte zu durchsuchen, Kernaussagen zu extrahieren, Entit\u00e4ten zu verkn\u00fcpfen und Widerspr\u00fcche zu erkennen. Algorithmen identifizieren Muster, Trends und Anomalien, priorisieren Relevantes und erstellen Erstentw\u00fcrfe f\u00fcr Reports &#8211; unser <strong>Analyst:Innen-Team pr\u00fcft, verifiziert und erg\u00e4nzt<\/strong> diese Ergebnisse konsequent. Dabei setzen wir konsequent auf Reseracher:innen mit einem langj\u00e4hriger investigativer Recherche-Erfahrung.<\/p>\n\n\n\n<p class=\"has-text-align-left\">So erhalten Sie gepr\u00fcfte Erkenntnisse und Einsichten mit klarer Quellenlage, <strong>nachvollziehbarer Argumentation und transparenten Annahmen<\/strong>, die Sie in Rechtsverfahren, Strategie, Wettbewerber-Analyse, Risiko- und Compliance-Management, Vertrieb, Einkauf oder Investor Relations unmittelbar nutzen k\u00f6nnen. Datenschutz, rechtliche Konformit\u00e4t und ethische Grunds\u00e4tze sind dabei selbstverst\u00e4ndlich: Wir arbeiten ausschliesslich mit <strong>legalen Quellen, dokumentieren Zitate und Referenzen <\/strong>und behandeln vertrauliche Informationen stets sorgsam und diskret.<\/p>\n<\/div>\n\n\n\n<div class=\"wp-block-column is-layout-flow wp-block-column-is-layout-flow\">\n<h3 class=\"wp-block-heading has-text-align-left\">Ad-hoc-Checks mit Human Touch <\/h3>\n\n\n\n<p><br>Sie bestimmen Tempo, Tiefe und Regelm\u00e4ssigkeit der Zusammenarbeit. F\u00fcr <strong>spontane Fragestellungen<\/strong> \u2013 etwa zu einem Wettbewerber, einer Technologie, einer regulatorischen \u00c4nderung oder einem Lieferanten \u2013 liefern wir Ad-hoc-Analysen mit klarer Einordnung, <strong>Chancen-\/Risikobewertung<\/strong> und konkreten Implikationen.<\/p>\n\n\n\n<p>F\u00fcr kontinuierliche Beobachtung erhalten Sie regelm\u00e4ssige Management-Briefings, <strong>themenspezifische Deep Dives<\/strong> und bei Bedarf sofortige Alerts, wenn sich etwas Relevantes bewegt. KI-gest\u00fctzte Monitoring-Pipelines beobachten definierte Quellenr\u00e4ume in Echtzeit, bewerten Treffer nach Relevanz und verkn\u00fcpfen sie mit bestehenden Erkenntnissen; unsere <strong>Analyst:Innen validieren und analysieren<\/strong> diese Inputs, reichern sie mit spezifisch investigativem Know-How und &#8211; nach Bedarf &#8211; mit HUMINT an. Am Ende steht <strong>nachvollziehbares, dokumentiertes Reporting<\/strong> und eine handlungsorientierte Empfehlung.<\/p>\n\n\n\n<p>Dabei ist jede Aussage belegbar, jede <strong>Bewertung wird begr\u00fcndet<\/strong>, und jede Empfehlung ist so formuliert, dass sie in Entscheidungsprozesse und Gremienvorlagen passt und auf diese sofort angewandt werden kann.<\/p>\n<\/div>\n<\/div>\n\n\n\n<div class=\"wp-block-group alignfull has-base-background-color has-text-color has-background\" style=\"color:#000000\"><div class=\"wp-block-group__inner-container is-layout-flow wp-block-group-is-layout-flow\"><div class=\"is-default-size aligncenter wp-block-site-logo\"><a href=\"https:\/\/diraya.ch\/en\/\" class=\"custom-logo-link\" rel=\"home\"><img loading=\"lazy\" decoding=\"async\" width=\"2560\" height=\"788\" src=\"https:\/\/diraya.ch\/wp-content\/uploads\/2025\/09\/noBgBlack-scaled.png\" class=\"custom-logo\" alt=\"Innovative KI-L\u00f6sungen f\u00fcr die Digitalisierung der Wirtschaft bei Diraya Intelligence GmbH.\" srcset=\"https:\/\/diraya.ch\/wp-content\/uploads\/2025\/09\/noBgBlack-scaled.png 2560w, https:\/\/diraya.ch\/wp-content\/uploads\/2025\/09\/noBgBlack-300x92.webp 300w, https:\/\/diraya.ch\/wp-content\/uploads\/2025\/09\/noBgBlack-1024x315.webp 1024w, https:\/\/diraya.ch\/wp-content\/uploads\/2025\/09\/noBgBlack-768x236.webp 768w, https:\/\/diraya.ch\/wp-content\/uploads\/2025\/09\/noBgBlack-1536x473.webp 1536w, https:\/\/diraya.ch\/wp-content\/uploads\/2025\/09\/noBgBlack-2048x630.png 2048w\" sizes=\"auto, (max-width: 2560px) 100vw, 2560px\" \/><\/a><\/div>\n\n\n<div style=\"height:64px\" aria-hidden=\"true\" class=\"wp-block-spacer\"><\/div>\n\n\n\n<p class=\"has-text-align-center has-small-font-size\" style=\"line-height:.9\"><strong>Information As A Service<\/strong><\/p>\n\n\n\n<h2 class=\"wp-block-heading has-text-align-center\" id=\"schedule-a-visit\" style=\"font-size:36px;line-height:1.15\"><strong>Recherche im Abo<\/strong><\/h2>\n\n\n\n<div class=\"wp-block-buttons is-horizontal is-content-justification-center is-layout-flex wp-container-core-buttons-is-layout-499968f5 wp-block-buttons-is-layout-flex\">\n<div class=\"wp-block-button has-custom-width wp-block-button__width-50 is-style-outline is-style-outline--2\"><a class=\"wp-block-button__link has-text-color has-background has-medium-font-size has-text-align-center has-custom-font-size wp-element-button\" href=\"https:\/\/diraya.ch\/?page_id=9\" style=\"border-radius:0px;color:#ffffff;background-color:#000000\">Mehr<\/a><\/div>\n<\/div>\n\n\n\n<div style=\"height:64px\" aria-hidden=\"true\" class=\"wp-block-spacer\"><\/div>\n<\/div><\/div>\n\n\n\n<hr class=\"wp-block-separator has-alpha-channel-opacity\"\/>\n\n\n\n<div class=\"wp-block-columns is-layout-flex wp-container-core-columns-is-layout-9d6595d7 wp-block-columns-is-layout-flex\">\n<div class=\"wp-block-column is-layout-flow wp-block-column-is-layout-flow\">\n<h3 class=\"wp-block-heading has-text-align-left\">Skalierbare Recherche-Power<br><\/h3>\n\n\n\n<p>Unsere <strong>Abo-Pakete<\/strong> wachsen mit Ihren <strong>Anforderungen<\/strong> und Bed\u00fcrfnissen. Im kompakten Einstiegspaket liefern Ad-Hoc-Briefings samt relevanzbasierten Alerts \u2013 ideal, um rasch Risiken zu erkennen, schnell Mehrwert zu schaffen und Prozesse zu sichern. Die <strong>Zahl an Recherchestunden<\/strong> ist transparent definiert und wird nachvollziehbar abgerechnet.<\/p>\n\n\n<div class=\"wp-block-image wp-duotone-grayscale\">\n<figure class=\"alignleft size-large\"><img loading=\"lazy\" decoding=\"async\" width=\"1024\" height=\"574\" src=\"https:\/\/diraya.ch\/wp-content\/uploads\/2025\/10\/u8359676518_abstract_corporate_illustration_showing_data_tran_55011340-f7ea-4fdf-a81d-7d093b260c08_0-1024x574.png\" alt=\"Fortschrittliche Datenanalyse und KI-L\u00f6sungen bei Diraya Intelligence GmbH.\" class=\"wp-image-1081\" style=\"object-fit:cover\" srcset=\"https:\/\/diraya.ch\/wp-content\/uploads\/2025\/10\/u8359676518_abstract_corporate_illustration_showing_data_tran_55011340-f7ea-4fdf-a81d-7d093b260c08_0-1024x574.png 1024w, https:\/\/diraya.ch\/wp-content\/uploads\/2025\/10\/u8359676518_abstract_corporate_illustration_showing_data_tran_55011340-f7ea-4fdf-a81d-7d093b260c08_0-300x168.png 300w, https:\/\/diraya.ch\/wp-content\/uploads\/2025\/10\/u8359676518_abstract_corporate_illustration_showing_data_tran_55011340-f7ea-4fdf-a81d-7d093b260c08_0-768x430.png 768w, https:\/\/diraya.ch\/wp-content\/uploads\/2025\/10\/u8359676518_abstract_corporate_illustration_showing_data_tran_55011340-f7ea-4fdf-a81d-7d093b260c08_0.png 1456w\" sizes=\"auto, (max-width: 1024px) 100vw, 1024px\" \/><\/figure>\n<\/div>\n\n\n<div style=\"height:100px\" aria-hidden=\"true\" class=\"wp-block-spacer\"><\/div>\n\n\n\n<p>In erweiterten Setups und auf <strong>individualisierter Auftragsbasis<\/strong> decken wir Themenfelder ab, kombinieren Monitoring mit gew\u00fcnschten Deep Dives und regelm\u00e4ssigen Q&amp;A-Sessions, in denen wir offene Punkte kl\u00e4ren, <strong>Hypothesen sch\u00e4rfen<\/strong> und n\u00e4chste Schritte planen.<\/p>\n\n\n\n<p>F\u00fcr anspruchsvolle Umgebungen und Investigations stellen wir ein <strong>dediziertes Analyst:innenteam<\/strong> bereit, das gemeinsam mit Ihnen eine Themen-Roadmap<strong> <\/strong>entwickelt, Schnittstellen zu Ihren internen Datenquellen aufsetzt und KI-Modelle auf Ihren Bedarf zuschneidet \u2013 von der dom\u00e4nenspezifischen Such- und Extraktionslogik bis hin zu Prognose- und <strong>Szenariofunktionen<\/strong>.<\/p>\n\n\n\n<p>Unabh\u00e4ngig vom Paket erhalten Sie eine klare <strong>Service-Governance<\/strong> mit definierten Reaktionszeiten, Berichtsformaten, Freigabeprozessen und Compliance-Standards. So werden aus Daten belastbare Einsichten \u2013 und aus Einsichten bessere Entscheidungen.<\/p>\n<\/div>\n\n\n\n<div class=\"wp-block-column is-layout-flow wp-block-column-is-layout-flow\">\n<h3 class=\"wp-block-heading\">Sichere Kommunikation, rasche Response-Time<\/h3>\n\n\n\n<p><br>Sensible Themen brauchen sichere Kan\u00e4le \u2013 und <strong>klare Taktung<\/strong>. Wir arbeiten mit Ihnen \u00fcber Ende-zu-Ende-verschl\u00fcsselte Messenger-Apps oder verschl\u00fcsselte E-Mails zusammen (auf Wunsch mit PGP). Zugriffe sind strikt nach dem Need-to-know-Prinzip geregelt, mit rollenbasierter Rechtevergabe, Protokollierung aller relevanten Aktionen.<\/p>\n\n\n\n<p>F\u00fcr Datenaustausch stellen wir ein sicheres <strong>Upload-Portal<\/strong> sowie passwortgesch\u00fctzte Links bereit; Daten werden nach definierten Aufbewahrungsfristen gel\u00f6scht oder revisionssicher archiviert. Unsere Prozesse orientieren sich an anerkannten Best Practices (z. B. ISO-27001-nahe Kontrollen) und sind DSG\/DSGVO-konform \u2013 inklusive Vertraulichkeitsvereinbarungen, Freigabe-Workflows und dokumentierter Quellenlage. <\/p>\n\n\n<div class=\"wp-block-image wp-duotone-grayscale\">\n<figure class=\"alignright size-large\"><img loading=\"lazy\" decoding=\"async\" width=\"1024\" height=\"574\" src=\"https:\/\/diraya.ch\/wp-content\/uploads\/2025\/10\/u8359676518_abstract_isometric_illustration_of_a_secure_digit_8e268295-f58e-4d51-8788-e962edb2a66b_0-1024x574.png\" alt=\"Sicher, hier sind die SEO-optimierten Textwerte f\u00fcr das Bild:.\" class=\"wp-image-1082\" style=\"object-fit:cover\" srcset=\"https:\/\/diraya.ch\/wp-content\/uploads\/2025\/10\/u8359676518_abstract_isometric_illustration_of_a_secure_digit_8e268295-f58e-4d51-8788-e962edb2a66b_0-1024x574.png 1024w, https:\/\/diraya.ch\/wp-content\/uploads\/2025\/10\/u8359676518_abstract_isometric_illustration_of_a_secure_digit_8e268295-f58e-4d51-8788-e962edb2a66b_0-300x168.png 300w, https:\/\/diraya.ch\/wp-content\/uploads\/2025\/10\/u8359676518_abstract_isometric_illustration_of_a_secure_digit_8e268295-f58e-4d51-8788-e962edb2a66b_0-768x430.png 768w, https:\/\/diraya.ch\/wp-content\/uploads\/2025\/10\/u8359676518_abstract_isometric_illustration_of_a_secure_digit_8e268295-f58e-4d51-8788-e962edb2a66b_0.png 1456w\" sizes=\"auto, (max-width: 1024px) 100vw, 1024px\" \/><\/figure>\n<\/div>\n\n\n<div style=\"height:100px\" aria-hidden=\"true\" class=\"wp-block-spacer\"><\/div>\n\n\n\n<p>Gleichzeitig garantieren wir bei Ad-hoc-Anfragen <strong>extrem kurze Turnaround-Zeiten<\/strong>: In der Regel liefern wir erste, belastbare Ergebnisse innerhalb von 48 bis 72 Stunden, je nach Abo-Modell \u2013 mit klarem Scope, priorisierten Befunden, Quellenbelegen und konkreten Next Steps.<\/p>\n\n\n\n<p>Ein kurzer Scoping-Call, ein standardisiertes Briefing-Template und KI-gest\u00fctzte Aufbereitung verk\u00fcrzen die Zeit bis zur Erkenntnis zus\u00e4tzlich; wo sinnvoll, erhalten Sie Zwischenst\u00e4nde als Kurzbriefing oder Live-Update im Messenger. So bleiben Sie jederzeit informiert \u2013 sicher in der Kommunikation, schnell in der Umsetzung und fokussiert auf Entscheidungen.<br><\/p>\n<\/div>\n<\/div>\n\n\n\n<div class=\"wp-block-group alignfull has-base-background-color has-text-color has-background\" style=\"color:#000000\"><div class=\"wp-block-group__inner-container is-layout-flow wp-block-group-is-layout-flow\"><div class=\"is-default-size aligncenter wp-block-site-logo\"><a href=\"https:\/\/diraya.ch\/en\/\" class=\"custom-logo-link\" rel=\"home\"><img loading=\"lazy\" decoding=\"async\" width=\"2560\" height=\"788\" src=\"https:\/\/diraya.ch\/wp-content\/uploads\/2025\/09\/noBgBlack-scaled.png\" class=\"custom-logo\" alt=\"Innovative KI-L\u00f6sungen f\u00fcr die Digitalisierung der Wirtschaft bei Diraya Intelligence GmbH.\" srcset=\"https:\/\/diraya.ch\/wp-content\/uploads\/2025\/09\/noBgBlack-scaled.png 2560w, https:\/\/diraya.ch\/wp-content\/uploads\/2025\/09\/noBgBlack-300x92.webp 300w, https:\/\/diraya.ch\/wp-content\/uploads\/2025\/09\/noBgBlack-1024x315.webp 1024w, https:\/\/diraya.ch\/wp-content\/uploads\/2025\/09\/noBgBlack-768x236.webp 768w, https:\/\/diraya.ch\/wp-content\/uploads\/2025\/09\/noBgBlack-1536x473.webp 1536w, https:\/\/diraya.ch\/wp-content\/uploads\/2025\/09\/noBgBlack-2048x630.png 2048w\" sizes=\"auto, (max-width: 2560px) 100vw, 2560px\" \/><\/a><\/div>\n\n\n<div style=\"height:64px\" aria-hidden=\"true\" class=\"wp-block-spacer\"><\/div>\n\n\n\n<p class=\"has-text-align-center has-small-font-size\" style=\"line-height:.9\"><strong>Information As A Service<\/strong><\/p>\n\n\n\n<h2 class=\"wp-block-heading has-text-align-center\" id=\"schedule-a-visit\" style=\"font-size:36px;line-height:1.15\"><strong>Recherche im Einzelauftrag<\/strong><\/h2>\n\n\n\n<div class=\"wp-block-buttons is-horizontal is-content-justification-center is-layout-flex wp-container-core-buttons-is-layout-499968f5 wp-block-buttons-is-layout-flex\">\n<div class=\"wp-block-button has-custom-width wp-block-button__width-50\"><a class=\"wp-block-button__link has-text-color has-background has-medium-font-size has-custom-font-size wp-element-button\" href=\"https:\/\/diraya.ch\/?page_id=1161\" style=\"border-radius:0px;color:#ffffff;background-color:#000000\">Angebot<\/a><\/div>\n<\/div>\n\n\n\n<div style=\"height:64px\" aria-hidden=\"true\" class=\"wp-block-spacer\"><\/div>\n<\/div><\/div>\n","protected":false},"excerpt":{"rendered":"<p>Due-Diligence-Recherchen f\u00fcr Kanzleien, Private Clients und Corporates Vertiefte Abkl\u00e4rungen Wir liefern Ihnen fortlaufend pr\u00e4zise, faktenbasierte Informationsanalysen im Einzelauftrag oder als Abonnement \u2013 verst\u00e4ndlich aufbereitet und direkt entscheidungsrelevant. Daf\u00fcr verbinden wir die systematische Auswertung \u00f6ffentlich zug\u00e4nglicher Quellen und lizenzierter Profi-Datenbanken (OSINT) mit verl\u00e4sslichen Einblicken aus strukturierten Interviews und Gespr\u00e4chen mit ausgew\u00e4hlten Expert:Innen (HUMINT). K\u00fcnstliche Intelligenz unterst\u00fctzt &#8230; <a title=\"Home\" class=\"read-more\" href=\"https:\/\/diraya.ch\/en\/\" aria-label=\"Read more about Home\">Read more<\/a><\/p>","protected":false},"author":1,"featured_media":0,"parent":0,"menu_order":0,"comment_status":"closed","ping_status":"closed","template":"","meta":{"slim_seo":{"title":"Diraya - Schweizer Due-Diligence- & Hintergrundrecherchen","description":"Diraya unterst\u00fctzt Kanzleien, Unternehmen und Private Clients mit diskreten Due-Diligence-, Background- und Compliance-Recherchen in der Schweiz und DACH."},"footnotes":""},"class_list":["post-51","page","type-page","status-publish"],"_links":{"self":[{"href":"https:\/\/diraya.ch\/en\/wp-json\/wp\/v2\/pages\/51","targetHints":{"allow":["GET"]}}],"collection":[{"href":"https:\/\/diraya.ch\/en\/wp-json\/wp\/v2\/pages"}],"about":[{"href":"https:\/\/diraya.ch\/en\/wp-json\/wp\/v2\/types\/page"}],"author":[{"embeddable":true,"href":"https:\/\/diraya.ch\/en\/wp-json\/wp\/v2\/users\/1"}],"replies":[{"embeddable":true,"href":"https:\/\/diraya.ch\/en\/wp-json\/wp\/v2\/comments?post=51"}],"version-history":[{"count":249,"href":"https:\/\/diraya.ch\/en\/wp-json\/wp\/v2\/pages\/51\/revisions"}],"predecessor-version":[{"id":1296,"href":"https:\/\/diraya.ch\/en\/wp-json\/wp\/v2\/pages\/51\/revisions\/1296"}],"wp:attachment":[{"href":"https:\/\/diraya.ch\/en\/wp-json\/wp\/v2\/media?parent=51"}],"curies":[{"name":"wp","href":"https:\/\/api.w.org\/{rel}","templated":true}]}}