{"id":987,"date":"2025-10-15T19:19:52","date_gmt":"2025-10-15T19:19:52","guid":{"rendered":"https:\/\/diraya.ch\/?page_id=987"},"modified":"2025-11-17T15:02:08","modified_gmt":"2025-11-17T15:02:08","slug":"susanne-grau","status":"publish","type":"page","link":"https:\/\/diraya.ch\/en\/susanne-grau\/","title":{"rendered":"Susanne Grau"},"content":{"rendered":"<nav class=\"has-medium-font-size is-responsive items-justified-center wp-block-navigation is-content-justification-center is-layout-flex wp-container-core-navigation-is-layout-16018d1d wp-block-navigation-is-layout-flex\" aria-label=\"navigation\" \n\t\t data-wp-interactive=\"core\/navigation\" data-wp-context='{\"overlayOpenedBy\":{\"click\":false,\"hover\":false,\"focus\":false},\"type\":\"overlay\",\"roleAttribute\":\"\",\"ariaLabel\":\"Menu\"}'><button aria-haspopup=\"dialog\" aria-label=\"Open menu\" class=\"wp-block-navigation__responsive-container-open\" \n\t\t\t\tdata-wp-on--click=\"actions.openMenuOnClick\"\n\t\t\t\tdata-wp-on--keydown=\"actions.handleMenuKeydown\"\n\t\t\t><svg width=\"24\" height=\"24\" xmlns=\"http:\/\/www.w3.org\/2000\/svg\" viewbox=\"0 0 24 24\" aria-hidden=\"true\" focusable=\"false\"><path d=\"M4 7.5h16v1.5H4z\"><\/path><path d=\"M4 15h16v1.5H4z\"><\/path><\/svg><\/button>\n\t\t\t\t<div class=\"wp-block-navigation__responsive-container\"  id=\"modal-1\" \n\t\t\t\tdata-wp-class--has-modal-open=\"state.isMenuOpen\"\n\t\t\t\tdata-wp-class--is-menu-open=\"state.isMenuOpen\"\n\t\t\t\tdata-wp-watch=\"callbacks.initMenu\"\n\t\t\t\tdata-wp-on--keydown=\"actions.handleMenuKeydown\"\n\t\t\t\tdata-wp-on--focusout=\"actions.handleMenuFocusout\"\n\t\t\t\ttabindex=\"-1\"\n\t\t\t>\n\t\t\t\t\t<div class=\"wp-block-navigation__responsive-close\" tabindex=\"-1\">\n\t\t\t\t\t\t<div class=\"wp-block-navigation__responsive-dialog\" \n\t\t\t\tdata-wp-bind--aria-modal=\"state.ariaModal\"\n\t\t\t\tdata-wp-bind--aria-label=\"state.ariaLabel\"\n\t\t\t\tdata-wp-bind--role=\"state.roleAttribute\"\n\t\t\t>\n\t\t\t\t\t\t\t<button aria-label=\"Close menu\" class=\"wp-block-navigation__responsive-container-close\" \n\t\t\t\tdata-wp-on--click=\"actions.closeMenuOnClick\"\n\t\t\t><svg xmlns=\"http:\/\/www.w3.org\/2000\/svg\" viewbox=\"0 0 24 24\" width=\"24\" height=\"24\" aria-hidden=\"true\" focusable=\"false\"><path d=\"m13.06 12 6.47-6.47-1.06-1.06L12 10.94 5.53 4.47 4.47 5.53 10.94 12l-6.47 6.47 1.06 1.06L12 13.06l6.47 6.47 1.06-1.06L13.06 12Z\"><\/path><\/svg><\/button>\n\t\t\t\t\t\t\t<div class=\"wp-block-navigation__responsive-container-content\" \n\t\t\t\tdata-wp-watch=\"callbacks.focusFirstElement\"\n\t\t\t id=\"modal-1-content\">\n\t\t\t\t\t\t\t\t<ul class=\"wp-block-navigation__container has-medium-font-size is-responsive items-justified-center wp-block-navigation has-medium-font-size\"><li class=\"has-medium-font-size wp-block-navigation-item wp-block-navigation-link has-medium-font-size\"><a class=\"wp-block-navigation-item__content\"  href=\"https:\/\/diraya.ch\/en\/?page_id=19\"><span class=\"wp-block-navigation-item__label\">Who we are<\/span><\/a><\/li><li class=\"has-medium-font-size wp-block-navigation-item wp-block-navigation-link has-medium-font-size\"><a class=\"wp-block-navigation-item__content\"  href=\"https:\/\/diraya.ch\/en\/?page_id=9\"><span class=\"wp-block-navigation-item__label\">What we offer<\/span><\/a><\/li><li class=\"has-medium-font-size wp-block-navigation-item wp-block-navigation-link has-medium-font-size\"><a class=\"wp-block-navigation-item__content\"  href=\"https:\/\/diraya.ch\/en\/?page_id=40\"><span class=\"wp-block-navigation-item__label\">What we stand for<\/span><\/a><\/li><li class=\"has-medium-font-size wp-block-navigation-item wp-block-navigation-link has-medium-font-size\"><a class=\"wp-block-navigation-item__content\"  href=\"https:\/\/diraya.ch\/en\/?page_id=14\"><span class=\"wp-block-navigation-item__label\">Get in touch with us<\/span><\/a><\/li><\/ul>\n\t\t\t\t\t\t\t<\/div>\n\t\t\t\t\t\t<\/div>\n\t\t\t\t\t<\/div>\n\t\t\t\t<\/div><\/nav>\n\n\n<h2 class=\"wp-block-heading\"><strong>Susanne Grau<\/strong><\/h2>\n\n\n\n<p>consultant<\/p>\n\n\n\n<div class=\"wp-block-media-text is-stacked-on-mobile is-image-fill-element\" style=\"grid-template-columns:30% auto\"><figure class=\"wp-block-media-text__media\"><img loading=\"lazy\" decoding=\"async\" width=\"683\" height=\"1024\" src=\"https:\/\/diraya.ch\/wp-content\/uploads\/2025\/10\/Grau_Susanne_A-80-Prozent-683x1024.jpg\" alt=\"\" class=\"wp-image-983 size-full\" style=\"object-position:49% 42%\" srcset=\"\" sizes=\"auto, (max-width: 683px) 100vw, 683px\" data-srcset=\"\" \/><\/figure><div class=\"wp-block-media-text__content\">\n<figure class=\"wp-block-pullquote has-base-2-background-color has-background has-small-font-size\"><blockquote><p><strong>Susanne Grau<\/strong>\u00a0is\u00a0<strong>Expert in economic crime investigation<\/strong>\u00a0with many years of experience in investigating and detecting fraudulent activities and economic crimes. She assists <strong>senior management<\/strong> bodies of companies, authorities and NGOs in dealing with specific incidents and supports them in particular in assessing the situation, <strong>Fact-finding and investigation<\/strong>.<\/p><\/blockquote><\/figure>\n<\/div><\/div>\n\n\n\n<div style=\"height:100px\" aria-hidden=\"true\" class=\"wp-block-spacer\"><\/div>\n\n\n\n<details class=\"wp-block-details is-layout-flow wp-block-details-is-layout-flow\" open><summary><strong>Professional career<\/strong><\/summary>\n<pre class=\"wp-block-verse has-small-font-size\">Susanne Grau is Head of the Economic Crime Division, lecturer and project manager at the Institute for Financial Services Zug IFZ at Lucerne University of Applied Sciences and Arts, and owner and managing director of SUSANNEGRAU Consulting GmbH. She is Vice-President of SwissAccounting and a member of the board of the Swiss Expert Group for Combating Economic Crime (SEBWK). Previously, she held senior positions with the Criminal Investigation Department of the Canton of Zug and BDO Switzerland, where she was involved in the investigation and detection of economic crime. She began her professional career in fiduciary services and went on to work in management consulting and internal auditing.<\/pre>\n<\/details>\n\n\n\n<details class=\"wp-block-details is-layout-flow wp-block-details-is-layout-flow\" open><summary><strong>Teaching and knowledge transfer<\/strong><\/summary>\n<pre class=\"wp-block-verse has-small-font-size\">Susanne Grau is responsible for the subject area of economic crime investigation at the Lucerne University of Applied Sciences and Arts (HSLU) and heads the MAS Economic Crime Investigation programme (<a href=\"https:\/\/www.hslu.ch\/de-ch\/hochschule-luzern\/ueber-uns\/personensuche\/profile\/?pid=3750\">HSLU lecturer<\/a>). She teaches on topics including the introduction\/investigation\/prevention of white-collar crime and accounting fraud.<\/pre>\n<\/details>\n\n\n\n<details class=\"wp-block-details is-layout-flow wp-block-details-is-layout-flow\" open><summary><strong>Education and qualifications<\/strong><\/summary>\n<pre class=\"wp-block-verse has-small-font-size\"><strong>University of Zurich<\/strong>: Licentiate of Law.<\/pre>\n\n\n\n<pre class=\"wp-block-verse has-small-font-size\">Swiss certified expert in <strong>Accounting and controlling<\/strong><\/pre>\n\n\n\n<pre class=\"wp-block-verse has-small-font-size\"><strong>Lucerne University of Applied Sciences and Arts<\/strong>: MAS Economic Crime Investigation<\/pre>\n\n\n\n<pre class=\"wp-block-verse has-small-font-size\"><strong>Association of Certified Fraud Examiner Austin Texas: <\/strong>CFE Certified Fraud Examiner<\/pre>\n<\/details>","protected":false},"excerpt":{"rendered":"<p>Susanne Grau Konsultentin Susanne Grau\u00a0ist\u00a0Expertin f\u00fcr Wirtschaftskriminalistik\u00a0mit langj\u00e4hriger Erfahrung in der Untersuchung und Ermittlung doloser Handlungen und von Wirtschaftsstraff\u00e4llen. Sie begleitet oberste F\u00fchrungsorgane von Unternehmen, Beh\u00f6rden und NGOs bei der Bew\u00e4ltigung konkreter Vorf\u00e4lle und unterst\u00fctzt sie insbesondere bei der Lagebeurteilung, Sachverhaltsabkl\u00e4rung und Untersuchung.<\/p>","protected":false},"author":1,"featured_media":0,"parent":0,"menu_order":0,"comment_status":"closed","ping_status":"closed","template":"","meta":{"slim_seo":{"title":"Susanne Grau - Diraya Intelligence GmbH","description":"Susanne Grau Konsultentin Berufliche Laufbahn Lehrt\u00e4tigkeit und Wissenstransfer Ausbildung und Qualifikationen"},"footnotes":""},"class_list":["post-987","page","type-page","status-publish"],"_links":{"self":[{"href":"https:\/\/diraya.ch\/en\/wp-json\/wp\/v2\/pages\/987","targetHints":{"allow":["GET"]}}],"collection":[{"href":"https:\/\/diraya.ch\/en\/wp-json\/wp\/v2\/pages"}],"about":[{"href":"https:\/\/diraya.ch\/en\/wp-json\/wp\/v2\/types\/page"}],"author":[{"embeddable":true,"href":"https:\/\/diraya.ch\/en\/wp-json\/wp\/v2\/users\/1"}],"replies":[{"embeddable":true,"href":"https:\/\/diraya.ch\/en\/wp-json\/wp\/v2\/comments?post=987"}],"version-history":[{"count":3,"href":"https:\/\/diraya.ch\/en\/wp-json\/wp\/v2\/pages\/987\/revisions"}],"predecessor-version":[{"id":991,"href":"https:\/\/diraya.ch\/en\/wp-json\/wp\/v2\/pages\/987\/revisions\/991"}],"wp:attachment":[{"href":"https:\/\/diraya.ch\/en\/wp-json\/wp\/v2\/media?parent=987"}],"curies":[{"name":"wp","href":"https:\/\/api.w.org\/{rel}","templated":true}]}}